{"id":5,"date":"2021-05-01T08:03:49","date_gmt":"2021-05-01T08:03:49","guid":{"rendered":"http:\/\/www.widbud.com\/?page_id=5"},"modified":"2023-11-29T20:33:12","modified_gmt":"2023-11-29T19:33:12","slug":"widbud","status":"publish","type":"page","link":"https:\/\/www.widbud.com\/index.php\/widbud\/","title":{"rendered":"O nas"},"content":{"rendered":"\n<figure class=\"wp-block-image size-large is-resized is-style-default\"><img loading=\"lazy\" decoding=\"async\" width=\"1024\" height=\"576\" src=\"https:\/\/www.widbud.com\/wp-content\/uploads\/2021\/05\/R6-OGRODEK-1024x576.jpg\" alt=\"Forest Villa\" class=\"wp-image-71\" style=\"width:1138px;height:640px\" srcset=\"https:\/\/www.widbud.com\/wp-content\/uploads\/2021\/05\/R6-OGRODEK-1024x576.jpg 1024w, https:\/\/www.widbud.com\/wp-content\/uploads\/2021\/05\/R6-OGRODEK-300x169.jpg 300w, https:\/\/www.widbud.com\/wp-content\/uploads\/2021\/05\/R6-OGRODEK-768x432.jpg 768w, https:\/\/www.widbud.com\/wp-content\/uploads\/2021\/05\/R6-OGRODEK-800x450.jpg 800w, https:\/\/www.widbud.com\/wp-content\/uploads\/2021\/05\/R6-OGRODEK.jpg 1500w\" sizes=\"(max-width: 1024px) 100vw, 1024px\" \/><figcaption class=\"wp-element-caption\">Forest Villa<\/figcaption><\/figure>\n\n\n\n<p>Jeste\u015bmy firm\u0105 budowlan\u0105 dzia\u0142aj\u0105c\u0105 na rynku od 2009 roku. Oferujemy prace budowlane w zakresie remont\u00f3w, wyko\u0144czenia, projektowania i wznoszenia obiekt\u00f3w budowlanych.<strong> <\/strong>Od 2015 roku nasza firma zajmuje si\u0119 r\u00f3wnie\u017c bran\u017c\u0105 dewelopersk\u0105. Podczas prac deweloperskich, zar\u00f3wno w zakresie projektowym, jak i wykonawczym wsp\u00f3\u0142pracujemy \u015bci\u015ble z firm\u0105 <a href=\"https:\/\/wdbudownictwo.com\">WD Budownictwo<\/a><\/p>\n\n\n\n<p>Wsp\u00f3\u0142pracujemy zar\u00f3wno z instytucjami publicznymi jak i firmami oraz osobami prywatnymi. Prowadzone prace wykonujemy przy udziale do\u015bwiadczonej i wykwalifikowanej kadry pracowniczej, sprawdzonych i rzetelnych podwykonawc\u00f3w oraz dostawc\u00f3w. Przy realizacji ka\u017cdego zadania przestrzegamy zasad etyki i sztuki budowlanej. Stawiamy na jako\u015b\u0107, rzetelno\u015b\u0107, terminowe wykonanie. R\u00f3wnie wa\u017cna jest dla nas wsp\u00f3\u0142praca z inwestorem i klientem na ka\u017cdym etapie realizacji. <\/p>\n\n\n\n<p>Rosn\u0105ce wymagania i standardy w bran\u017cy budowlanej powoduj\u0105, \u017ce wci\u0105\u017c doskonalimy swoje umiej\u0119tno\u015bci oraz jako\u015b\u0107 oferowanych us\u0142ug. Celem naszej firmy jest pe\u0142ne zadowolenie klienta w ko\u0144cowym etapie realizowanego zadania.<\/p>\n\n\n\n<p><strong>PHU Widbud<\/strong><br>ul. Monte Cassino 71<br>25-206 Kielce<br>NIP: 6571780425<\/p>\n\n\n\n<p><\/p>\n","protected":false},"excerpt":{"rendered":"<p>Jeste\u015bmy firm\u0105 budowlan\u0105 dzia\u0142aj\u0105c\u0105 na rynku od 2009 roku. Oferujemy prace budowlane w zakresie remont\u00f3w, wyko\u0144czenia, projektowania i wznoszenia obiekt\u00f3w<\/p>\n","protected":false},"author":1,"featured_media":0,"parent":0,"menu_order":0,"comment_status":"closed","ping_status":"closed","template":"","meta":{"colormag_page_layout":"right_sidebar","pgc_sgb_lightbox_settings":"","footnotes":""},"jetpack_sharing_enabled":true,"_links":{"self":[{"href":"https:\/\/www.widbud.com\/index.php\/wp-json\/wp\/v2\/pages\/5"}],"collection":[{"href":"https:\/\/www.widbud.com\/index.php\/wp-json\/wp\/v2\/pages"}],"about":[{"href":"https:\/\/www.widbud.com\/index.php\/wp-json\/wp\/v2\/types\/page"}],"author":[{"embeddable":true,"href":"https:\/\/www.widbud.com\/index.php\/wp-json\/wp\/v2\/users\/1"}],"replies":[{"embeddable":true,"href":"https:\/\/www.widbud.com\/index.php\/wp-json\/wp\/v2\/comments?post=5"}],"version-history":[{"count":6,"href":"https:\/\/www.widbud.com\/index.php\/wp-json\/wp\/v2\/pages\/5\/revisions"}],"predecessor-version":[{"id":576,"href":"https:\/\/www.widbud.com\/index.php\/wp-json\/wp\/v2\/pages\/5\/revisions\/576"}],"wp:attachment":[{"href":"https:\/\/www.widbud.com\/index.php\/wp-json\/wp\/v2\/media?parent=5"}],"curies":[{"name":"wp","href":"https:\/\/api.w.org\/{rel}","templated":true}]}}